{"id":630,"date":"2022-09-27T09:57:41","date_gmt":"2022-09-27T07:57:41","guid":{"rendered":"https:\/\/norskinteraktiv.no\/?page_id=630"},"modified":"2025-06-12T09:27:20","modified_gmt":"2025-06-12T07:27:20","slug":"layer-course","status":"publish","type":"page","link":"https:\/\/norskinteraktiv.no\/en\/layer-course\/","title":{"rendered":"Create online course"},"content":{"rendered":"\n<section id=\"page-header-block_6469adfde26883ffffb96c38c8e592b5\" class=\"page-header alignfull\">\n\t<div class=\"page-header-container\">\n\t\t<div class=\"page-header-inner-container\">\n\n\t\t\t<div class=\"page-header-heading\">\n\t\t\t\t\t\t\t\t\t<h2>Lag nettkurs med Norsk Interaktiv<\/h2>\n\t\t\t\t\t\t\t<\/div>\n\n\t\t\t<div class=\"page-header-image\">\n\t\t\t\t\t\t\t\t\t<img decoding=\"async\" src=\"https:\/\/norskinteraktiv.no\/wp-content\/uploads\/2022\/09\/main-NIAS.svg\" alt=\"Illustrasjon av sm\u00e5 mennesker som bygger et kurs p\u00e5 en stor dataskjerm\">\n\t\t\t\t\t\t\t<\/div>\n\n\t\t<\/div>\n\t<\/div>\n<\/section>\n\n\n\n<section id=\"text-block_16c48379493f289c017defef63d3b8b6\" class=\"text alignfull\">\n\t<div class=\"text-container\">\n\t\t<div class=\"text-inner-container\">\n\t\t\t\t\t\t\t<p><a href=\"https:\/\/norskinteraktiv.no\/creator-2\/\"><strong>Les mer her om v\u00e5r helt nye, skybaserte plattform for utvikling av kurs:<br \/>\nMentorkit Creator.<\/strong><\/a><\/p>\n<h2>Nyhet:<\/h2>\n<h2><a href=\"https:\/\/norskinteraktiv.no\/ai-voice-og-drag-and-drop-i-creator\/\">AI voice og \u00abDrag and drop\u00bb i Creator<\/a><\/h2>\n<p>Vi har de siste \u00e5rene merket en markant \u00f8kning i ettersp\u00f8rselen fra virksomheter som vil i gang med \u00e5 produsere e-l\u00e6ring. Flere og flere bedrifter \u00f8nsker \u00e5 utnytte potensialet av nettkurs for sine egne ansatte eller til eksterne kunder, og \u00f8nsker \u00e5 bruke egne fagpersoner til kursutviklingen.<\/p>\n<p>Ved \u00e5 ta i bruk det vi kaller et forfatterverkt\u00f8y kan dere lage engasjerende nettkurs med mange muligheter. Det finnes et stort antall slike verkt\u00f8y p\u00e5 markedet og v\u00e5re medarbeidere har erfaring med de fleste av dem. V\u00e5r erfaring gjennom 25 \u00e5r er at mange har m\u00f8tt utfordringer b\u00e5de p\u00e5 den pedagogiske og tekniske siden ved det \u00e5 lage kurs som b\u00e5de er motiverende og som gir h\u00f8yt l\u00e6ringsutbytte. Powerpoint p\u00e5 nett er ingen god l\u00f8sning.<\/p>\n<p>Vi gir deg muligheten til \u00e5 lage egne nettkurs med v\u00e5re avanserte og brukervennlige verkt\u00f8y. Enten du \u00f8nsker \u00e5 utvikle komplette e-l\u00e6ringskurs fra bunnen av eller integrere eksisterende kursmaterialer, har vi l\u00f8sningen for deg.<\/p>\n<p><strong>Derfor har vi i Norsk Interaktiv utviklet et helt nytt verkt\u00f8y, Mentorkit Creator, som alle kan bruke. Dette har vi gjort i n\u00e6rt samarbeid med en av Norges aller st\u00f8rste internasjonale industribedrifter, Jotun.<\/strong><\/p>\n<p><strong>Den f\u00f8rste versjonen av Creator ble offisielt lansert 25. september 2023. Siden da har mange forn\u00f8yde kunder kommet godt i gang med \u00e5 produsere kurs selv i Creator.\u00a0<\/strong><\/p>\n<p><img loading=\"lazy\" decoding=\"async\" class=\"alignnone wp-image-1417 size-medium\" src=\"https:\/\/norskinteraktiv.no\/wp-content\/uploads\/2023\/08\/CreatorDetalj-300x222.jpg\" alt=\"Mentorkit Creator\" width=\"300\" height=\"222\" srcset=\"https:\/\/norskinteraktiv.no\/wp-content\/uploads\/2023\/08\/CreatorDetalj-300x222.jpg 300w, https:\/\/norskinteraktiv.no\/wp-content\/uploads\/2023\/08\/CreatorDetalj.jpg 735w\" sizes=\"auto, (max-width: 300px) 100vw, 300px\" \/><\/p>\n<p>Mer informasjon om Creator <a href=\"https:\/\/norskinteraktiv.no\/creator-2\/\">finner du her<\/a>.<\/p>\n<p>Her er to eksempler fra sider i dette verkt\u00f8yet:<\/p>\n\t\t\t\t\t<\/div>\n\t<\/div>\n<\/section>\n\n\n\n<section id=\"gallery-block_140c3416d7b90f5c53ad9fc79b8f1e5a\" class=\"gallery alignfull\">\n\t<div class=\"gallery-container\">\n\n\t\t\t\t\t\t\t\t\t<a href=\"https:\/\/norskinteraktiv.no\/wp-content\/uploads\/2022\/10\/Creator-My-Courses.png\" data-fancybox=\"gallery\">\n\t\t\t\t\t<img decoding=\"async\" src=\"https:\/\/norskinteraktiv.no\/wp-content\/uploads\/2022\/10\/Creator-My-Courses-1024x604.png\" alt=\"Creator My Courses\">\n\t\t\t\t<\/a>\n\t\t\t\t\t\t\t\t\t\t\t\t<a href=\"https:\/\/norskinteraktiv.no\/wp-content\/uploads\/2022\/10\/Creator-Edit-Page.png\" data-fancybox=\"gallery\">\n\t\t\t\t\t<img decoding=\"async\" src=\"https:\/\/norskinteraktiv.no\/wp-content\/uploads\/2022\/10\/Creator-Edit-Page-1024x556.png\" alt=\"Creator Edit Page\">\n\t\t\t\t<\/a>\n\t\t\t\t\t\n\t<\/div>\n<\/section>\n\n\n\n<section id=\"text-block_4c5881255bae6f8e69005670f056a047\" class=\"text alignfull\">\n\t<div class=\"text-container\">\n\t\t<div class=\"text-inner-container\">\n\t\t\t\t\t\t\t<h2>Fra id\u00e9 til virkelighet: Skap nettkurs som engasjerer<\/h2>\n<h3>Lag ditt eget l\u00e6remateriale<\/h3>\n<p><span style=\"font-weight: 400;\">Ved \u00e5 benytte Mentorkit Creator, kan du enkelt lage egne nettkurs tilpasset dine spesifikke behov. Enten du \u00f8nsker \u00e5 produsere komplette kurspakker eller enkle oppl\u00e6ringsmoduler, gir v\u00e5rt verkt\u00f8y deg all fleksibilitet du trenger.<\/span><\/p>\n<h3>Integrering og kompatibilitet<\/h3>\n<p><span style=\"font-weight: 400;\">V\u00e5r \u00e5pne plattformteknologi sikrer at du kan integrere eksisterende kursmateriell eller kurser produsert av andre uten problemer. Dette gir en s\u00f8ml\u00f8s brukeropplevelse og utvider l\u00e6ringsmulighetene.<\/span><\/p>\n<h3>Full st\u00f8tte gjennom hele prosessen<\/h3>\n<p><span style=\"font-weight: 400;\">Vi forst\u00e5r at ikke alle er eksperter p\u00e5 e-l\u00e6ring fra starten, derfor tilbyr vi profesjonell veiledning for \u00e5 hjelpe deg med \u00e5 komme i gang. V\u00e5re erfarne ansatte st\u00e5r klare til \u00e5 tilby oppl\u00e6ring og kontinuerlig oppf\u00f8lging.<\/span><\/p>\n<h3>Nettbutikk for digitale kurs?<\/h3>\n<p>\u00d8nsker du \u00e5 selge kursene dine p\u00e5 nett?<\/p>\n<p>Se artikkel om <a href=\"https:\/\/norskinteraktiv.no\/nettbutikk-digitale-kurs\/\">v\u00e5r nettbutikkl\u00f8sning<\/a>.<\/p>\n\t\t\t\t\t<\/div>\n\t<\/div>\n<\/section>\n\n\n\n<section id=\"form-block_74949307ec39fa43114785da20a94211\" class=\"form alignfull\">\n\t<div class=\"form-container\">\n\t\t<div class=\"form-inner-container\">\n\n\t\t\t\t\t\t\t<h2>Kontakt oss<\/h2>\n\t\t\t\n\t\t\t\t\t\t\t<p>Har du sp\u00f8rsm\u00e5l?<br \/>\r\nFyll ut skjema nedenfor, s\u00e5 tar vi kontakt med deg!<\/p>\n\t\t\t\n\t\t\t\t\t\t\t<script type=\"text\/javascript\">\n\/* <![CDATA[ *\/\nvar gform;gform||(document.addEventListener(\"gform_main_scripts_loaded\",function(){gform.scriptsLoaded=!0}),document.addEventListener(\"gform\/theme\/scripts_loaded\",function(){gform.themeScriptsLoaded=!0}),window.addEventListener(\"DOMContentLoaded\",function(){gform.domLoaded=!0}),gform={domLoaded:!1,scriptsLoaded:!1,themeScriptsLoaded:!1,isFormEditor:()=>\"function\"==typeof InitializeEditor,callIfLoaded:function(o){return!(!gform.domLoaded||!gform.scriptsLoaded||!gform.themeScriptsLoaded&&!gform.isFormEditor()||(gform.isFormEditor()&&console.warn(\"The use of gform.initializeOnLoaded() is deprecated in the form editor context and will be removed in Gravity Forms 3.1.\"),o(),0))},initializeOnLoaded:function(o){gform.callIfLoaded(o)||(document.addEventListener(\"gform_main_scripts_loaded\",()=>{gform.scriptsLoaded=!0,gform.callIfLoaded(o)}),document.addEventListener(\"gform\/theme\/scripts_loaded\",()=>{gform.themeScriptsLoaded=!0,gform.callIfLoaded(o)}),window.addEventListener(\"DOMContentLoaded\",()=>{gform.domLoaded=!0,gform.callIfLoaded(o)}))},hooks:{action:{},filter:{}},addAction:function(o,r,e,t){gform.addHook(\"action\",o,r,e,t)},addFilter:function(o,r,e,t){gform.addHook(\"filter\",o,r,e,t)},doAction:function(o){gform.doHook(\"action\",o,arguments)},applyFilters:function(o){return gform.doHook(\"filter\",o,arguments)},removeAction:function(o,r){gform.removeHook(\"action\",o,r)},removeFilter:function(o,r,e){gform.removeHook(\"filter\",o,r,e)},addHook:function(o,r,e,t,n){null==gform.hooks[o][r]&&(gform.hooks[o][r]=[]);var d=gform.hooks[o][r];null==n&&(n=r+\"_\"+d.length),gform.hooks[o][r].push({tag:n,callable:e,priority:t=null==t?10:t})},doHook:function(r,o,e){var t;if(e=Array.prototype.slice.call(e,1),null!=gform.hooks[r][o]&&((o=gform.hooks[r][o]).sort(function(o,r){return o.priority-r.priority}),o.forEach(function(o){\"function\"!=typeof(t=o.callable)&&(t=window[t]),\"action\"==r?t.apply(null,e):e[0]=t.apply(null,e)})),\"filter\"==r)return e[0]},removeHook:function(o,r,t,n){var e;null!=gform.hooks[o][r]&&(e=(e=gform.hooks[o][r]).filter(function(o,r,e){return!!(null!=n&&n!=o.tag||null!=t&&t!=o.priority)}),gform.hooks[o][r]=e)}});\n\/* ]]> *\/\n<\/script>\n\n                <div class='gf_browser_gecko gform_wrapper gravity-theme gform-theme--no-framework contact-form_wrapper' data-form-theme='gravity-theme' data-form-index='0' id='gform_wrapper_2' style='display:none'>\n                        <div class='gform_heading'>\n\t\t\t\t\t\t\t<p class='gform_required_legend'>&quot;<span class=\"gfield_required gfield_required_asterisk\">*<\/span>&quot; indicates required fields<\/p>\n                        <\/div><form method='post' enctype='multipart\/form-data'  id='gform_2' class='contact-form' action='\/en\/wp-json\/wp\/v2\/pages\/630' data-formid='2' novalidate>\n                        <div class='gform-body gform_body'><div id='gform_fields_2' class='gform_fields top_label form_sublabel_below description_below validation_below'><div id=\"field_2_13\" class=\"gfield gfield--type-honeypot gform_validation_container field_sublabel_below gfield--has-description field_description_below field_validation_below gfield_visibility_visible\"  ><label class='gfield_label gform-field-label' for='input_2_13'>Instagram<\/label><div class='ginput_container'><input name='input_13' id='input_2_13' type='text' value='' autocomplete='new-password'\/><\/div><div class='gfield_description' id='gfield_description_2_13'>This field is for validation purposes and should be left unchanged.<\/div><\/div><div id=\"field_2_3\" class=\"gfield gfield--type-text gfield--input-type-text gfield_contains_required field_sublabel_below gfield--no-description field_description_below field_validation_below gfield_visibility_visible\"  ><label class='gfield_label gform-field-label' for='input_2_3'>Navn<span class=\"gfield_required\"><span class=\"gfield_required gfield_required_asterisk\">*<\/span><\/span><\/label><div class='ginput_container ginput_container_text'><input name='input_3' id='input_2_3' type='text' value='' class='large'    placeholder='For- og etternavn' aria-required=\"true\" aria-invalid=\"false\"   \/><\/div><\/div><div id=\"field_2_5\" class=\"gfield gfield--type-email gfield--input-type-email gfield_contains_required field_sublabel_below gfield--no-description field_description_below field_validation_below gfield_visibility_visible\"  ><label class='gfield_label gform-field-label' for='input_2_5'>E-post<span class=\"gfield_required\"><span class=\"gfield_required gfield_required_asterisk\">*<\/span><\/span><\/label><div class='ginput_container ginput_container_email'>\n                            <input name='input_5' id='input_2_5' type='email' value='' class='large'   placeholder='Din e-post' aria-required=\"true\" aria-invalid=\"false\"  \/>\n                        <\/div><\/div><div id=\"field_2_6\" class=\"gfield gfield--type-phone gfield--input-type-phone gfield_contains_required field_sublabel_below gfield--no-description field_description_below field_validation_below gfield_visibility_visible\"  ><label class='gfield_label gform-field-label' for='input_2_6'>Telefon<span class=\"gfield_required\"><span class=\"gfield_required gfield_required_asterisk\">*<\/span><\/span><\/label><div class='ginput_container ginput_container_phone'><input name='input_6' id='input_2_6' type='tel' value='' class='large'  placeholder='Ditt telefonnummer' aria-required=\"true\" aria-invalid=\"false\"   \/><\/div><\/div><div id=\"field_2_7\" class=\"gfield gfield--type-textarea gfield--input-type-textarea field_sublabel_below gfield--no-description field_description_below field_validation_below gfield_visibility_visible\"  ><label class='gfield_label gform-field-label' for='input_2_7'>Melding<\/label><div class='ginput_container ginput_container_textarea'><textarea name='input_7' id='input_2_7' class='textarea large'    placeholder='Skriv inn din melding'  aria-invalid=\"false\"   rows='10' cols='50'><\/textarea><\/div><\/div><fieldset id=\"field_2_9\" class=\"gfield gfield--type-consent gfield--type-choice gfield--input-type-consent gfield_contains_required field_sublabel_below gfield--no-description field_description_below hidden_label field_validation_below gfield_visibility_visible\"  ><legend class='gfield_label gform-field-label gfield_label_before_complex' >Personverngodkjenning<span class=\"gfield_required\"><span class=\"gfield_required gfield_required_asterisk\">*<\/span><\/span><\/legend><div class='ginput_container ginput_container_consent'><input name='input_9.1' id='input_2_9_1' type='checkbox' value='1'   aria-required=\"true\" aria-invalid=\"false\"   \/> <label class=\"gform-field-label gform-field-label--type-inline gfield_consent_label\" for='input_2_9_1' >Jeg samtykker til Norsk Interaktivs <a href=\"https:\/\/norskinteraktiv.no\/personvererklaering\/\">personvernerkl\u00e6ring<\/a><span class=\"gfield_required gfield_required_asterisk\">*<\/span><\/label><input type='hidden' name='input_9.2' value='Jeg samtykker til Norsk Interaktivs &lt;a href=&quot;https:\/\/norskinteraktiv.no\/personvererklaering\/&quot;&gt;personvernerkl\u00e6ring&lt;\/a&gt;' class='gform_hidden' \/><input type='hidden' name='input_9.3' value='1' class='gform_hidden' \/><\/div><\/fieldset><fieldset id=\"field_2_10\" class=\"gfield gfield--type-consent gfield--type-choice gfield--input-type-consent gfield_contains_required field_sublabel_below gfield--no-description field_description_below hidden_label field_validation_below gfield_visibility_visible\"  ><legend class='gfield_label gform-field-label gfield_label_before_complex' >Kontaktgodkjenning<span class=\"gfield_required\"><span class=\"gfield_required gfield_required_asterisk\">*<\/span><\/span><\/legend><div class='ginput_container ginput_container_consent'><input name='input_10.1' id='input_2_10_1' type='checkbox' value='1'   aria-required=\"true\" aria-invalid=\"false\"   \/> <label class=\"gform-field-label gform-field-label--type-inline gfield_consent_label\" for='input_2_10_1' >Jeg samtykker til at Norsk Interaktiv kan kontakte meg p\u00e5 e-post og\/eller telefon<span class=\"gfield_required gfield_required_asterisk\">*<\/span><\/label><input type='hidden' name='input_10.2' value='Jeg samtykker til at Norsk Interaktiv kan kontakte meg p\u00e5 e-post og\/eller telefon' class='gform_hidden' \/><input type='hidden' name='input_10.3' value='1' class='gform_hidden' \/><\/div><\/fieldset><div id=\"field_2_11\" class=\"gfield gfield--type-hidden gfield--input-type-hidden gfield--width-full gform_hidden field_sublabel_below gfield--no-description field_description_below field_validation_below gfield_visibility_visible\"  ><div class='ginput_container ginput_container_text'><input name='input_11' id='input_2_11' type='hidden' class='gform_hidden'  aria-invalid=\"false\" value='' \/><\/div><\/div><div id=\"field_2_12\" class=\"gfield gfield--type-html gfield--input-type-html gfield--width-full gfield_html gfield_html_formatted gfield_no_follows_desc field_sublabel_below gfield--no-description field_description_below field_validation_below gfield_visibility_visible\"  >\n<input type=\"hidden\" id=\"zc_gad\" name=\"zc_gad\" value=\"\">\n<\/div><\/div><\/div>\n        <div class='gform-footer gform_footer top_label'> <input type='submit' id='gform_submit_button_2' class='gform_button button' onclick='gform.submission.handleButtonClick(this);' data-submission-type='submit' value='Send melding'  \/> \n            <input type='hidden' class='gform_hidden' name='gform_submission_method' data-js='gform_submission_method_2' value='postback' \/>\n            <input type='hidden' class='gform_hidden' name='gform_theme' data-js='gform_theme_2' id='gform_theme_2' value='gravity-theme' \/>\n            <input type='hidden' class='gform_hidden' name='gform_style_settings' data-js='gform_style_settings_2' id='gform_style_settings_2' value='' \/>\n            <input type='hidden' class='gform_hidden' name='is_submit_2' value='1' \/>\n            <input type='hidden' class='gform_hidden' name='gform_submit' value='2' \/>\n            \n            <input type='hidden' class='gform_hidden' name='gform_currency' data-currency='NOK' value='A9wyuhfXATlhnIXxDNpzHvP+Lgaoj0SarwTHraaYKc5ep6\/VwwHjbnM1LZOYCIArhwUCfHUkrQ2YzovASazbpcD4XE4Xhy7Tblmhi\/4KBlkRtds=' \/>\n            <input type='hidden' class='gform_hidden' name='gform_unique_id' value='' \/>\n            <input type='hidden' class='gform_hidden' name='state_2' value='WyJ7XCI5LjFcIjpcIjUyZWNmMGQ5ZGRjNjVkYzU0MjljNmFlYTFiZmMyNmFhXCIsXCI5LjJcIjpcIjk0MWFkNDNmNjMzZWNlNjg0OTVjMjIxYjVhNzRkZDdkXCIsXCI5LjNcIjpcIjUyZWNmMGQ5ZGRjNjVkYzU0MjljNmFlYTFiZmMyNmFhXCIsXCIxMC4xXCI6XCI1MmVjZjBkOWRkYzY1ZGM1NDI5YzZhZWExYmZjMjZhYVwiLFwiMTAuMlwiOlwiMzU1NWRhOWRkNTg4MTUxMmEyZDg1NmQ2OTNlM2QzZTdcIixcIjEwLjNcIjpcIjUyZWNmMGQ5ZGRjNjVkYzU0MjljNmFlYTFiZmMyNmFhXCJ9IiwiYzg4M2FjMzNkNDk3NTQzNWVhNjZkMGQ2MzdhM2VjMTUiXQ==' \/>\n            <input type='hidden' autocomplete='off' class='gform_hidden' name='gform_target_page_number_2' id='gform_target_page_number_2' value='0' \/>\n            <input type='hidden' autocomplete='off' class='gform_hidden' name='gform_source_page_number_2' id='gform_source_page_number_2' value='1' \/>\n            <input type='hidden' name='gform_field_values' value='' \/>\n            \n        <\/div>\n                        <p style=\"display: none !important;\" class=\"akismet-fields-container\" data-prefix=\"ak_\"><label>&#916;<textarea name=\"ak_hp_textarea\" cols=\"45\" rows=\"8\" maxlength=\"100\"><\/textarea><\/label><input type=\"hidden\" id=\"ak_js_1\" name=\"ak_js\" value=\"150\"\/><script>document.getElementById( \"ak_js_1\" ).setAttribute( \"value\", ( new Date() ).getTime() );<\/script><\/p><\/form>\n                        <\/div><script type=\"text\/javascript\">\n\/* <![CDATA[ *\/\n gform.initializeOnLoaded( function() {gformInitSpinner( 2, 'https:\/\/norskinteraktiv.no\/wp-content\/plugins\/gravityforms\/images\/spinner.svg', true );jQuery('#gform_ajax_frame_2').on('load',function(){var contents = jQuery(this).contents().find('*').html();var is_postback = contents.indexOf('GF_AJAX_POSTBACK') >= 0;if(!is_postback){return;}var form_content = jQuery(this).contents().find('#gform_wrapper_2');var is_confirmation = jQuery(this).contents().find('#gform_confirmation_wrapper_2').length > 0;var is_redirect = contents.indexOf('gformRedirect(){') >= 0;var is_form = form_content.length > 0 && ! is_redirect && ! is_confirmation;var mt = parseInt(jQuery('html').css('margin-top'), 10) + parseInt(jQuery('body').css('margin-top'), 10) + 100;if(is_form){form_content.find('form').css('opacity', 0);jQuery('#gform_wrapper_2').html(form_content.html());if(form_content.hasClass('gform_validation_error')){jQuery('#gform_wrapper_2').addClass('gform_validation_error');} else {jQuery('#gform_wrapper_2').removeClass('gform_validation_error');}setTimeout( function() { \/* delay the scroll by 50 milliseconds to fix a bug in chrome *\/  }, 50 );if(window['gformInitDatepicker']) {gformInitDatepicker();}if(window['gformInitPriceFields']) {gformInitPriceFields();}var current_page = jQuery('#gform_source_page_number_2').val();gformInitSpinner( 2, 'https:\/\/norskinteraktiv.no\/wp-content\/plugins\/gravityforms\/images\/spinner.svg', true );jQuery(document).trigger('gform_page_loaded', [2, current_page]);window['gf_submitting_2'] = false;}else if(!is_redirect){var confirmation_content = jQuery(this).contents().find('.GF_AJAX_POSTBACK').html();if(!confirmation_content){confirmation_content = contents;}jQuery('#gform_wrapper_2').replaceWith(confirmation_content);jQuery(document).trigger('gform_confirmation_loaded', [2]);window['gf_submitting_2'] = false;wp.a11y.speak(jQuery('#gform_confirmation_message_2').text());}else{jQuery('#gform_2').append(contents);if(window['gformRedirect']) {gformRedirect();}}jQuery(document).trigger(\"gform_pre_post_render\", [{ formId: \"2\", currentPage: \"current_page\", abort: function() { this.preventDefault(); } }]);        if (event && event.defaultPrevented) {                return;        }        const gformWrapperDiv = document.getElementById( \"gform_wrapper_2\" );        if ( gformWrapperDiv ) {            const visibilitySpan = document.createElement( \"span\" );            visibilitySpan.id = \"gform_visibility_test_2\";            gformWrapperDiv.insertAdjacentElement( \"afterend\", visibilitySpan );        }        const visibilityTestDiv = document.getElementById( \"gform_visibility_test_2\" );        let postRenderFired = false;        function triggerPostRender() {            if ( postRenderFired ) {                return;            }            postRenderFired = true;            gform.core.triggerPostRenderEvents( 2, current_page );            if ( visibilityTestDiv ) {                visibilityTestDiv.parentNode.removeChild( visibilityTestDiv );            }        }        function debounce( func, wait, immediate ) {            var timeout;            return function() {                var context = this, args = arguments;                var later = function() {                    timeout = null;                    if ( !immediate ) func.apply( context, args );                };                var callNow = immediate && !timeout;                clearTimeout( timeout );                timeout = setTimeout( later, wait );                if ( callNow ) func.apply( context, args );            };        }        const debouncedTriggerPostRender = debounce( function() {            triggerPostRender();        }, 200 );        if ( visibilityTestDiv && visibilityTestDiv.offsetParent === null ) {            const observer = new MutationObserver( ( mutations ) => {                mutations.forEach( ( mutation ) => {                    if ( mutation.type === 'attributes' && visibilityTestDiv.offsetParent !== null ) {                        debouncedTriggerPostRender();                        observer.disconnect();                    }                });            });            observer.observe( document.body, {                attributes: true,                childList: false,                subtree: true,                attributeFilter: [ 'style', 'class' ],            });        } else {            triggerPostRender();        }    } );} ); \n\/* ]]> *\/\n<\/script>\n\t\t\t\n\t\t<\/div>\n\t<\/div>\n<\/section>\n\n\n\n<section id=\"text-block_0854af0de97be86b8e9d7b60f02f1cfd\" class=\"text alignfull\">\n\t<div class=\"text-container\">\n\t\t<div class=\"text-inner-container\">\n\t\t\t\t\t\t\t<h3>Ofte stilte sp\u00f8rsm\u00e5l<\/h3>\n<h4>Hvordan kan jeg komme i gang med \u00e5 lage mine egne nettkurs?<\/h4>\n<p><span style=\"font-weight: 400;\">Du starter enkelt ved \u00e5 registrere deg p\u00e5 v\u00e5r plattform og bruke Mentorkit Creator til \u00e5 utvikle ditt kurs. V\u00e5rt st\u00f8tteteam kan ogs\u00e5 gi deg en grundig innf\u00f8ring hvis \u00f8nskelig.<\/span><\/p>\n<h4>Hvilke typer kurs kan jeg lage med deres verkt\u00f8y?<\/h4>\n<p><span style=\"font-weight: 400;\">Du kan lage alle typer kurs, fra sm\u00e5 oppl\u00e6ringsmoduler til omfattende kursprogrammer innen et bredt spekter av temaer.<\/span><\/p>\n<h4>Er det teknisk st\u00f8tte tilgjengelig hvis jeg st\u00f8ter p\u00e5 problemer?<\/h4>\n<p><span style=\"font-weight: 400;\">Ja, v\u00e5rt team er alltid klare til \u00e5 hjelpe deg med eventuelle tekniske utfordringer du m\u00e5tte ha.<\/span><\/p>\n<h4>Kan jeg selge mine kurs direkte gjennom Norsk Interaktiv?<\/h4>\n<p><span style=\"font-weight: 400;\">Ja, v\u00e5r plattform inkluderer en e-handelsl\u00f8sning som lar deg selge kurs direkte til brukerne, med st\u00f8tte for flere betalingsl\u00f8sninger.<\/span><\/p>\n<h4>Kan jeg tilpasse nettkursene til forskjellige spr\u00e5k?<\/h4>\n<p><span style=\"font-weight: 400;\">Ja, v\u00e5rt system st\u00f8tter de fleste spr\u00e5k. Du kan enkelt tilpasse og oversette innholdet ditt til flere spr\u00e5k for \u00e5 n\u00e5 et bredere publikum.<\/span><\/p>\n\t\t\t\t\t<\/div>\n\t<\/div>\n<\/section>\n","protected":false},"excerpt":{"rendered":"","protected":false},"author":2,"featured_media":0,"parent":0,"menu_order":0,"comment_status":"closed","ping_status":"closed","template":"","meta":{"_acf_changed":false,"inline_featured_image":false,"footnotes":""},"class_list":["post-630","page","type-page","status-publish","hentry"],"acf":[],"_links":{"self":[{"href":"https:\/\/norskinteraktiv.no\/en\/wp-json\/wp\/v2\/pages\/630","targetHints":{"allow":["GET"]}}],"collection":[{"href":"https:\/\/norskinteraktiv.no\/en\/wp-json\/wp\/v2\/pages"}],"about":[{"href":"https:\/\/norskinteraktiv.no\/en\/wp-json\/wp\/v2\/types\/page"}],"author":[{"embeddable":true,"href":"https:\/\/norskinteraktiv.no\/en\/wp-json\/wp\/v2\/users\/2"}],"replies":[{"embeddable":true,"href":"https:\/\/norskinteraktiv.no\/en\/wp-json\/wp\/v2\/comments?post=630"}],"version-history":[{"count":85,"href":"https:\/\/norskinteraktiv.no\/en\/wp-json\/wp\/v2\/pages\/630\/revisions"}],"predecessor-version":[{"id":2016,"href":"https:\/\/norskinteraktiv.no\/en\/wp-json\/wp\/v2\/pages\/630\/revisions\/2016"}],"wp:attachment":[{"href":"https:\/\/norskinteraktiv.no\/en\/wp-json\/wp\/v2\/media?parent=630"}],"curies":[{"name":"wp","href":"https:\/\/api.w.org\/{rel}","templated":true}]}}